{"id":1905,"date":"2022-02-11T15:43:43","date_gmt":"2022-02-11T15:43:43","guid":{"rendered":"https:\/\/staging.amarespectacular.com\/?post_type=product&#038;p=1905"},"modified":"2022-10-27T16:10:15","modified_gmt":"2022-10-27T16:10:15","slug":"sardines-amb-oli-doliva","status":"publish","type":"product","link":"https:\/\/staging.amarespectacular.com\/ca\/producte\/sardines-amb-oli-doliva\/","title":{"rendered":"Sardines amb Oli d&#8217;Oliva"},"content":{"rendered":"<p><span style=\"font-weight: 400;\">Aquestes sardines espectaculars et canviaran la vida, literalment. Entre les seves propietats m\u00e9s beneficioses hi ha la vitamina B3, que t&#8217;ajudar\u00e0 a reduir el colesterol; la vitamina D, que enforteix el sistema immune; una gran quantitat de calci, que millorar\u00e0 la qualitat dels teus ossos i l&#8217;Omega 3, fam\u00f3s per tenir propietats excel\u00b7lents per a la salut del cor.<\/span><\/p>\n<p><span style=\"font-weight: 400;\"><strong>Ingredients:<\/strong> Sardines (Sardina pilchardus) i oli d&#8217;oliva (28%). Pot contenir mol\u00b7luscs i crustacis.<\/span><\/p>\n<p><img loading=\"lazy\" decoding=\"async\" class=\"alignnone size-full wp-image-1139\" src=\"https:\/\/staging.amarespectacular.com\/wp-content\/uploads\/2022\/02\/sardinas.jpg\" alt=\"\" width=\"653\" height=\"311\" srcset=\"https:\/\/staging.amarespectacular.com\/wp-content\/uploads\/2022\/02\/sardinas.jpg 653w, https:\/\/staging.amarespectacular.com\/wp-content\/uploads\/2022\/02\/sardinas-500x238.jpg 500w, https:\/\/staging.amarespectacular.com\/wp-content\/uploads\/2022\/02\/sardinas-399x190.jpg 399w\" sizes=\"auto, (max-width: 653px) 100vw, 653px\" \/><\/p>\n<p><span style=\"font-weight: 400;\"><strong>Proced\u00e8ncia:<\/strong> Capturat en zona Fao n\u00ba27 Atl\u00e0ntic Nordeste<br \/>\n<\/span><span style=\"font-weight: 400;\"><strong>M\u00e8tode de pesca:<\/strong> Capturat mitjan\u00e7ant xarxa de setge<\/span><\/p>\n","protected":false},"excerpt":{"rendered":"<p><span style=\"font-weight: 400;\">Aquestes sardines espectaculars et canviaran la vida, literalment.<\/span><\/p>\n","protected":false},"featured_media":3913,"template":"","meta":{"_acf_changed":false},"product_brand":[],"product_cat":[103,100],"product_tag":[],"class_list":{"0":"post-1905","1":"product","2":"type-product","3":"status-publish","4":"has-post-thumbnail","6":"product_cat-sardines","7":"product_cat-sardinetes","9":"first","10":"outofstock","11":"taxable","12":"shipping-taxable","13":"purchasable","14":"product-type-simple"},"acf":[],"yoast_head":"<!-- This site is optimized with the Yoast SEO plugin v27.4 - https:\/\/yoast.com\/product\/yoast-seo-wordpress\/ -->\n<title>Sardines amb Oli d&#039;Oliva - A Mar Es Espectacular<\/title>\n<meta name=\"description\" content=\"Aquestes sardines espectaculars et canviaran la vida, literalment.\" \/>\n<meta name=\"robots\" content=\"noindex, follow, max-snippet:-1, max-image-preview:large, max-video-preview:-1\" \/>\n<meta property=\"og:locale\" content=\"ca_ES\" \/>\n<meta property=\"og:type\" content=\"article\" \/>\n<meta property=\"og:title\" content=\"Sardines amb Oli d&#039;Oliva - A Mar Es Espectacular\" \/>\n<meta property=\"og:description\" content=\"Aquestes sardines espectaculars et canviaran la vida, literalment.\" \/>\n<meta property=\"og:url\" content=\"https:\/\/staging.amarespectacular.com\/ca\/producte\/sardines-amb-oli-doliva\/\" \/>\n<meta property=\"og:site_name\" content=\"A Mar Es Espectacular\" \/>\n<meta property=\"article:modified_time\" content=\"2022-10-27T16:10:15+00:00\" \/>\n<meta property=\"og:image\" content=\"https:\/\/staging.amarespectacular.com\/wp-content\/uploads\/2022\/02\/sardinas-en-aceite-oliva-1200px.png\" \/>\n\t<meta property=\"og:image:width\" content=\"1200\" \/>\n\t<meta property=\"og:image:height\" content=\"1200\" \/>\n\t<meta property=\"og:image:type\" content=\"image\/png\" \/>\n<meta name=\"twitter:card\" content=\"summary_large_image\" \/>\n<meta name=\"twitter:label1\" content=\"Temps estimat de lectura\" \/>\n\t<meta name=\"twitter:data1\" content=\"1 minut\" \/>\n<script type=\"application\/ld+json\" class=\"yoast-schema-graph\">{\"@context\":\"https:\\\/\\\/schema.org\",\"@graph\":[{\"@type\":\"WebPage\",\"@id\":\"https:\\\/\\\/staging.amarespectacular.com\\\/ca\\\/producte\\\/sardines-amb-oli-doliva\\\/\",\"url\":\"https:\\\/\\\/staging.amarespectacular.com\\\/ca\\\/producte\\\/sardines-amb-oli-doliva\\\/\",\"name\":\"Sardines amb Oli d'Oliva - A Mar Es Espectacular\",\"isPartOf\":{\"@id\":\"https:\\\/\\\/staging.amarespectacular.com\\\/#website\"},\"primaryImageOfPage\":{\"@id\":\"https:\\\/\\\/staging.amarespectacular.com\\\/ca\\\/producte\\\/sardines-amb-oli-doliva\\\/#primaryimage\"},\"image\":{\"@id\":\"https:\\\/\\\/staging.amarespectacular.com\\\/ca\\\/producte\\\/sardines-amb-oli-doliva\\\/#primaryimage\"},\"thumbnailUrl\":\"https:\\\/\\\/staging.amarespectacular.com\\\/wp-content\\\/uploads\\\/2022\\\/02\\\/sardinas-en-aceite-oliva-1200px.png\",\"datePublished\":\"2022-02-11T15:43:43+00:00\",\"dateModified\":\"2022-10-27T16:10:15+00:00\",\"description\":\"Aquestes sardines espectaculars et canviaran la vida, literalment.\",\"breadcrumb\":{\"@id\":\"https:\\\/\\\/staging.amarespectacular.com\\\/ca\\\/producte\\\/sardines-amb-oli-doliva\\\/#breadcrumb\"},\"inLanguage\":\"ca\",\"potentialAction\":[{\"@type\":\"ReadAction\",\"target\":[\"https:\\\/\\\/staging.amarespectacular.com\\\/ca\\\/producte\\\/sardines-amb-oli-doliva\\\/\"]}]},{\"@type\":\"ImageObject\",\"inLanguage\":\"ca\",\"@id\":\"https:\\\/\\\/staging.amarespectacular.com\\\/ca\\\/producte\\\/sardines-amb-oli-doliva\\\/#primaryimage\",\"url\":\"https:\\\/\\\/staging.amarespectacular.com\\\/wp-content\\\/uploads\\\/2022\\\/02\\\/sardinas-en-aceite-oliva-1200px.png\",\"contentUrl\":\"https:\\\/\\\/staging.amarespectacular.com\\\/wp-content\\\/uploads\\\/2022\\\/02\\\/sardinas-en-aceite-oliva-1200px.png\",\"width\":1200,\"height\":1200},{\"@type\":\"BreadcrumbList\",\"@id\":\"https:\\\/\\\/staging.amarespectacular.com\\\/ca\\\/producte\\\/sardines-amb-oli-doliva\\\/#breadcrumb\",\"itemListElement\":[{\"@type\":\"ListItem\",\"position\":1,\"name\":\"Portada\",\"item\":\"https:\\\/\\\/staging.amarespectacular.com\\\/ca\\\/\"},{\"@type\":\"ListItem\",\"position\":2,\"name\":\"Productos\",\"item\":\"https:\\\/\\\/staging.amarespectacular.com\\\/shop\\\/\"},{\"@type\":\"ListItem\",\"position\":3,\"name\":\"Sardines amb Oli d&#8217;Oliva\"}]},{\"@type\":\"WebSite\",\"@id\":\"https:\\\/\\\/staging.amarespectacular.com\\\/#website\",\"url\":\"https:\\\/\\\/staging.amarespectacular.com\\\/\",\"name\":\"A Mar Es Espectacular\",\"description\":\"\",\"potentialAction\":[{\"@type\":\"SearchAction\",\"target\":{\"@type\":\"EntryPoint\",\"urlTemplate\":\"https:\\\/\\\/staging.amarespectacular.com\\\/?s={search_term_string}\"},\"query-input\":{\"@type\":\"PropertyValueSpecification\",\"valueRequired\":true,\"valueName\":\"search_term_string\"}}],\"inLanguage\":\"ca\"}]}<\/script>\n<!-- \/ Yoast SEO plugin. -->","yoast_head_json":{"title":"Sardines amb Oli d'Oliva - A Mar Es Espectacular","description":"Aquestes sardines espectaculars et canviaran la vida, literalment.","robots":{"index":"noindex","follow":"follow","max-snippet":"max-snippet:-1","max-image-preview":"max-image-preview:large","max-video-preview":"max-video-preview:-1"},"og_locale":"ca_ES","og_type":"article","og_title":"Sardines amb Oli d'Oliva - A Mar Es Espectacular","og_description":"Aquestes sardines espectaculars et canviaran la vida, literalment.","og_url":"https:\/\/staging.amarespectacular.com\/ca\/producte\/sardines-amb-oli-doliva\/","og_site_name":"A Mar Es Espectacular","article_modified_time":"2022-10-27T16:10:15+00:00","og_image":[{"width":1200,"height":1200,"url":"https:\/\/staging.amarespectacular.com\/wp-content\/uploads\/2022\/02\/sardinas-en-aceite-oliva-1200px.png","type":"image\/png"}],"twitter_card":"summary_large_image","twitter_misc":{"Temps estimat de lectura":"1 minut"},"schema":{"@context":"https:\/\/schema.org","@graph":[{"@type":"WebPage","@id":"https:\/\/staging.amarespectacular.com\/ca\/producte\/sardines-amb-oli-doliva\/","url":"https:\/\/staging.amarespectacular.com\/ca\/producte\/sardines-amb-oli-doliva\/","name":"Sardines amb Oli d'Oliva - A Mar Es Espectacular","isPartOf":{"@id":"https:\/\/staging.amarespectacular.com\/#website"},"primaryImageOfPage":{"@id":"https:\/\/staging.amarespectacular.com\/ca\/producte\/sardines-amb-oli-doliva\/#primaryimage"},"image":{"@id":"https:\/\/staging.amarespectacular.com\/ca\/producte\/sardines-amb-oli-doliva\/#primaryimage"},"thumbnailUrl":"https:\/\/staging.amarespectacular.com\/wp-content\/uploads\/2022\/02\/sardinas-en-aceite-oliva-1200px.png","datePublished":"2022-02-11T15:43:43+00:00","dateModified":"2022-10-27T16:10:15+00:00","description":"Aquestes sardines espectaculars et canviaran la vida, literalment.","breadcrumb":{"@id":"https:\/\/staging.amarespectacular.com\/ca\/producte\/sardines-amb-oli-doliva\/#breadcrumb"},"inLanguage":"ca","potentialAction":[{"@type":"ReadAction","target":["https:\/\/staging.amarespectacular.com\/ca\/producte\/sardines-amb-oli-doliva\/"]}]},{"@type":"ImageObject","inLanguage":"ca","@id":"https:\/\/staging.amarespectacular.com\/ca\/producte\/sardines-amb-oli-doliva\/#primaryimage","url":"https:\/\/staging.amarespectacular.com\/wp-content\/uploads\/2022\/02\/sardinas-en-aceite-oliva-1200px.png","contentUrl":"https:\/\/staging.amarespectacular.com\/wp-content\/uploads\/2022\/02\/sardinas-en-aceite-oliva-1200px.png","width":1200,"height":1200},{"@type":"BreadcrumbList","@id":"https:\/\/staging.amarespectacular.com\/ca\/producte\/sardines-amb-oli-doliva\/#breadcrumb","itemListElement":[{"@type":"ListItem","position":1,"name":"Portada","item":"https:\/\/staging.amarespectacular.com\/ca\/"},{"@type":"ListItem","position":2,"name":"Productos","item":"https:\/\/staging.amarespectacular.com\/shop\/"},{"@type":"ListItem","position":3,"name":"Sardines amb Oli d&#8217;Oliva"}]},{"@type":"WebSite","@id":"https:\/\/staging.amarespectacular.com\/#website","url":"https:\/\/staging.amarespectacular.com\/","name":"A Mar Es Espectacular","description":"","potentialAction":[{"@type":"SearchAction","target":{"@type":"EntryPoint","urlTemplate":"https:\/\/staging.amarespectacular.com\/?s={search_term_string}"},"query-input":{"@type":"PropertyValueSpecification","valueRequired":true,"valueName":"search_term_string"}}],"inLanguage":"ca"}]}},"_links":{"self":[{"href":"https:\/\/staging.amarespectacular.com\/ca\/wp-json\/wp\/v2\/product\/1905","targetHints":{"allow":["GET"]}}],"collection":[{"href":"https:\/\/staging.amarespectacular.com\/ca\/wp-json\/wp\/v2\/product"}],"about":[{"href":"https:\/\/staging.amarespectacular.com\/ca\/wp-json\/wp\/v2\/types\/product"}],"wp:featuredmedia":[{"embeddable":true,"href":"https:\/\/staging.amarespectacular.com\/ca\/wp-json\/wp\/v2\/media\/3913"}],"wp:attachment":[{"href":"https:\/\/staging.amarespectacular.com\/ca\/wp-json\/wp\/v2\/media?parent=1905"}],"wp:term":[{"taxonomy":"product_brand","embeddable":true,"href":"https:\/\/staging.amarespectacular.com\/ca\/wp-json\/wp\/v2\/product_brand?post=1905"},{"taxonomy":"product_cat","embeddable":true,"href":"https:\/\/staging.amarespectacular.com\/ca\/wp-json\/wp\/v2\/product_cat?post=1905"},{"taxonomy":"product_tag","embeddable":true,"href":"https:\/\/staging.amarespectacular.com\/ca\/wp-json\/wp\/v2\/product_tag?post=1905"}],"curies":[{"name":"wp","href":"https:\/\/api.w.org\/{rel}","templated":true}]}}